{"id":3473,"date":"2025-02-26T14:08:05","date_gmt":"2025-02-26T14:08:05","guid":{"rendered":"https:\/\/atelia.iko.com\/technische-ondersteuning\/"},"modified":"2025-02-26T14:43:01","modified_gmt":"2025-02-26T14:43:01","slug":"technische-unterstuetzung","status":"publish","type":"page","link":"https:\/\/atelia.iko.com\/de\/technische-unterstuetzung\/","title":{"rendered":"Technische unterst\u00fctzung"},"content":{"rendered":"\t\t<div data-elementor-type=\"wp-page\" data-elementor-id=\"3473\" class=\"elementor elementor-3473 elementor-3339\" data-elementor-post-type=\"page\">\n\t\t\t\t<div class=\"elementor-element elementor-element-2e01a6e e-flex e-con-boxed e-con e-parent\" data-id=\"2e01a6e\" data-element_type=\"container\">\n\t\t\t\t\t<div class=\"e-con-inner\">\n\t\t\t\t<div class=\"widget-box-padding elementor-element elementor-element-6b003e4 elementor-widget elementor-widget-heading\" data-id=\"6b003e4\" data-element_type=\"widget\" data-widget_type=\"heading.default\">\n\t\t\t\t<div class=\"elementor-widget-container\">\n\t\t\t\t\t<h1 class=\"elementor-heading-title elementor-size-default\">Technische unterst\u00fctzung<\/h1>\t\t\t\t<\/div>\n\t\t\t\t<\/div>\n\t\t\t\t\t<\/div>\n\t\t\t\t<\/div>\n\t\t<div class=\"elementor-element elementor-element-9f69687 e-flex e-con-boxed e-con e-parent\" data-id=\"9f69687\" data-element_type=\"container\">\n\t\t\t\t\t<div class=\"e-con-inner\">\n\t\t\t\t<div class=\"widget-box-padding elementor-element elementor-element-a25a70f h4-products elementor-widget elementor-widget-heading\" data-id=\"a25a70f\" data-element_type=\"widget\" data-widget_type=\"heading.default\">\n\t\t\t\t<div class=\"elementor-widget-container\">\n\t\t\t\t\t<h4 class=\"elementor-heading-title elementor-size-default\">IKO <span>Tools<\/span><\/h4>\t\t\t\t<\/div>\n\t\t\t\t<\/div>\n\t\t\t\t\t<\/div>\n\t\t\t\t<\/div>\n\t\t<div class=\"elementor-element elementor-element-a05d3b3 e-grid e-con-boxed e-con e-parent\" data-id=\"a05d3b3\" data-element_type=\"container\">\n\t\t\t\t\t<div class=\"e-con-inner\">\n\t\t\t\t<div class=\"widget-box-padding elementor-element elementor-element-c24fc71 elementor-widget elementor-widget-image\" data-id=\"c24fc71\" data-element_type=\"widget\" data-widget_type=\"image.default\">\n\t\t\t\t<div class=\"elementor-widget-container\">\n\t\t\t\t\t\t\t\t\t\t\t\t<figure class=\"wp-caption\">\n\t\t\t\t\t\t\t\t\t\t\t<a href=\"https:\/\/designcenter.iko.com\/\" target=\"_blank\">\n\t\t\t\t\t\t\t<img decoding=\"async\" width=\"200\" height=\"200\" src=\"https:\/\/atelia.iko.com\/wp-content\/uploads\/2025\/02\/icon-design-center.png\" class=\"attachment-large size-large wp-image-3385\" alt=\"\" srcset=\"https:\/\/atelia.iko.com\/wp-content\/uploads\/2025\/02\/icon-design-center.png 200w, https:\/\/atelia.iko.com\/wp-content\/uploads\/2025\/02\/icon-design-center-150x150.png 150w\" sizes=\"(max-width: 200px) 100vw, 200px\" \/>\t\t\t\t\t\t\t\t<\/a>\n\t\t\t\t\t\t\t\t\t\t\t<figcaption class=\"widget-image-caption wp-caption-text\">Design Center<\/figcaption>\n\t\t\t\t\t\t\t\t\t\t<\/figure>\n\t\t\t\t\t\t\t\t\t<\/div>\n\t\t\t\t<\/div>\n\t\t\t\t<div class=\"widget-box-padding elementor-element elementor-element-e262b4d elementor-widget elementor-widget-image\" data-id=\"e262b4d\" data-element_type=\"widget\" data-widget_type=\"image.default\">\n\t\t\t\t<div class=\"elementor-widget-container\">\n\t\t\t\t\t\t\t\t\t\t\t\t<figure class=\"wp-caption\">\n\t\t\t\t\t\t\t\t\t\t\t<a href=\"https:\/\/eu.iko.com\/de\/ihre-loesung-fuer-die-dachstruktur\/\" target=\"_blank\">\n\t\t\t\t\t\t\t<img decoding=\"async\" width=\"200\" height=\"200\" src=\"https:\/\/atelia.iko.com\/wp-content\/uploads\/2025\/02\/icon-bim-application.png\" class=\"attachment-large size-large wp-image-3375\" alt=\"\" srcset=\"https:\/\/atelia.iko.com\/wp-content\/uploads\/2025\/02\/icon-bim-application.png 200w, https:\/\/atelia.iko.com\/wp-content\/uploads\/2025\/02\/icon-bim-application-150x150.png 150w\" sizes=\"(max-width: 200px) 100vw, 200px\" \/>\t\t\t\t\t\t\t\t<\/a>\n\t\t\t\t\t\t\t\t\t\t\t<figcaption class=\"widget-image-caption wp-caption-text\">Ihr Dachsystem<\/figcaption>\n\t\t\t\t\t\t\t\t\t\t<\/figure>\n\t\t\t\t\t\t\t\t\t<\/div>\n\t\t\t\t<\/div>\n\t\t\t\t\t<\/div>\n\t\t\t\t<\/div>\n\t\t<div class=\"elementor-element elementor-element-2479960 e-flex e-con-boxed e-con e-parent\" data-id=\"2479960\" data-element_type=\"container\">\n\t\t\t\t\t<div class=\"e-con-inner\">\n\t\t\t\t<div class=\"widget-box-padding elementor-element elementor-element-e9d4c15 h4-products elementor-widget elementor-widget-heading\" data-id=\"e9d4c15\" data-element_type=\"widget\" data-widget_type=\"heading.default\">\n\t\t\t\t<div class=\"elementor-widget-container\">\n\t\t\t\t\t<h4 class=\"elementor-heading-title elementor-size-default\">IKO <span>Berechnung<\/span><\/h4>\t\t\t\t<\/div>\n\t\t\t\t<\/div>\n\t\t\t\t\t<\/div>\n\t\t\t\t<\/div>\n\t\t<div class=\"elementor-element elementor-element-425ac3f e-grid e-con-boxed e-con e-parent\" data-id=\"425ac3f\" data-element_type=\"container\">\n\t\t\t\t\t<div class=\"e-con-inner\">\n\t\t\t\t<div class=\"widget-box-padding elementor-element elementor-element-8317c13 elementor-widget elementor-widget-image\" data-id=\"8317c13\" data-element_type=\"widget\" data-widget_type=\"image.default\">\n\t\t\t\t<div class=\"elementor-widget-container\">\n\t\t\t\t\t\t\t\t\t\t\t\t<figure class=\"wp-caption\">\n\t\t\t\t\t\t\t\t\t\t\t<a href=\"https:\/\/eu.iko.com\/de\/flachdachsysteme\/iko-dienstleistungen\/gefaelleberechnung\/\" target=\"_blank\">\n\t\t\t\t\t\t\t<img decoding=\"async\" width=\"200\" height=\"200\" src=\"https:\/\/atelia.iko.com\/wp-content\/uploads\/2025\/02\/icon-calculators.png\" class=\"attachment-large size-large wp-image-3380\" alt=\"\" srcset=\"https:\/\/atelia.iko.com\/wp-content\/uploads\/2025\/02\/icon-calculators.png 200w, https:\/\/atelia.iko.com\/wp-content\/uploads\/2025\/02\/icon-calculators-150x150.png 150w\" sizes=\"(max-width: 200px) 100vw, 200px\" \/>\t\t\t\t\t\t\t\t<\/a>\n\t\t\t\t\t\t\t\t\t\t\t<figcaption class=\"widget-image-caption wp-caption-text\">Gef\u00e4lleberechnung<\/figcaption>\n\t\t\t\t\t\t\t\t\t\t<\/figure>\n\t\t\t\t\t\t\t\t\t<\/div>\n\t\t\t\t<\/div>\n\t\t\t\t<div class=\"widget-box-padding elementor-element elementor-element-dc67603 elementor-widget elementor-widget-image\" data-id=\"dc67603\" data-element_type=\"widget\" data-widget_type=\"image.default\">\n\t\t\t\t<div class=\"elementor-widget-container\">\n\t\t\t\t\t\t\t\t\t\t\t\t<figure class=\"wp-caption\">\n\t\t\t\t\t\t\t\t\t\t\t<a href=\"https:\/\/eu.iko.com\/de\/flachdachsysteme\/iko-dienstleistungen\/windlastberechnung\/\" target=\"_blank\">\n\t\t\t\t\t\t\t<img decoding=\"async\" width=\"200\" height=\"200\" src=\"https:\/\/atelia.iko.com\/wp-content\/uploads\/2025\/02\/icon-calculators.png\" class=\"attachment-large size-large wp-image-3380\" alt=\"\" srcset=\"https:\/\/atelia.iko.com\/wp-content\/uploads\/2025\/02\/icon-calculators.png 200w, https:\/\/atelia.iko.com\/wp-content\/uploads\/2025\/02\/icon-calculators-150x150.png 150w\" sizes=\"(max-width: 200px) 100vw, 200px\" \/>\t\t\t\t\t\t\t\t<\/a>\n\t\t\t\t\t\t\t\t\t\t\t<figcaption class=\"widget-image-caption wp-caption-text\">Windlastberechnung<\/figcaption>\n\t\t\t\t\t\t\t\t\t\t<\/figure>\n\t\t\t\t\t\t\t\t\t<\/div>\n\t\t\t\t<\/div>\n\t\t\t\t<div class=\"widget-box-padding elementor-element elementor-element-7ca1d24 elementor-widget elementor-widget-image\" data-id=\"7ca1d24\" data-element_type=\"widget\" data-widget_type=\"image.default\">\n\t\t\t\t<div class=\"elementor-widget-container\">\n\t\t\t\t\t\t\t\t\t\t\t\t<figure class=\"wp-caption\">\n\t\t\t\t\t\t\t\t\t\t\t<a href=\"https:\/\/eu.iko.com\/de\/flachdachsysteme\/iko-dienstleistungen\/bauphysikalische-berechnung\/\" target=\"_blank\">\n\t\t\t\t\t\t\t<img decoding=\"async\" width=\"200\" height=\"200\" src=\"https:\/\/atelia.iko.com\/wp-content\/uploads\/2025\/02\/icon-calculators.png\" class=\"attachment-large size-large wp-image-3380\" alt=\"\" srcset=\"https:\/\/atelia.iko.com\/wp-content\/uploads\/2025\/02\/icon-calculators.png 200w, https:\/\/atelia.iko.com\/wp-content\/uploads\/2025\/02\/icon-calculators-150x150.png 150w\" sizes=\"(max-width: 200px) 100vw, 200px\" \/>\t\t\t\t\t\t\t\t<\/a>\n\t\t\t\t\t\t\t\t\t\t\t<figcaption class=\"widget-image-caption wp-caption-text\">Bauphysikalische Berechnung<\/figcaption>\n\t\t\t\t\t\t\t\t\t\t<\/figure>\n\t\t\t\t\t\t\t\t\t<\/div>\n\t\t\t\t<\/div>\n\t\t\t\t\t<\/div>\n\t\t\t\t<\/div>\n\t\t\t\t<\/div>\n\t\t","protected":false},"excerpt":{"rendered":"<p>Technische unterst\u00fctzung IKO Tools Design Center Ihr Dachsystem IKO Berechnung Gef\u00e4lleberechnung Windlastberechnung Bauphysikalische Berechnung<\/p>\n","protected":false},"author":3,"featured_media":0,"parent":0,"menu_order":0,"comment_status":"closed","ping_status":"closed","template":"","meta":{"footnotes":""},"class_list":["post-3473","page","type-page","status-publish","hentry"],"yoast_head":"<!-- This site is optimized with the Yoast SEO plugin v26.7 - https:\/\/yoast.com\/wordpress\/plugins\/seo\/ -->\n<title>Technische unterst\u00fctzung - IKO Atelia<\/title>\n<meta name=\"robots\" content=\"index, follow, max-snippet:-1, max-image-preview:large, max-video-preview:-1\" \/>\n<link rel=\"canonical\" href=\"https:\/\/atelia.iko.com\/de\/technische-unterstuetzung\/\" \/>\n<meta property=\"og:locale\" content=\"de_DE\" \/>\n<meta property=\"og:type\" content=\"article\" \/>\n<meta property=\"og:title\" content=\"Technische unterst\u00fctzung - IKO Atelia\" \/>\n<meta property=\"og:description\" content=\"Technische unterst\u00fctzung IKO Tools Design Center Ihr Dachsystem IKO Berechnung Gef\u00e4lleberechnung Windlastberechnung Bauphysikalische Berechnung\" \/>\n<meta property=\"og:url\" content=\"https:\/\/atelia.iko.com\/de\/technische-unterstuetzung\/\" \/>\n<meta property=\"og:site_name\" content=\"IKO Atelia\" \/>\n<meta property=\"article:publisher\" content=\"https:\/\/www.facebook.com\/IKOwaterproofingandinsulation\/\" \/>\n<meta property=\"article:modified_time\" content=\"2025-02-26T14:43:01+00:00\" \/>\n<meta property=\"og:image\" content=\"https:\/\/atelia.iko.com\/wp-content\/uploads\/2025\/02\/icon-design-center.png\" \/>\n<meta name=\"twitter:card\" content=\"summary_large_image\" \/>\n<meta name=\"twitter:label1\" content=\"Gesch\u00e4tzte Lesezeit\" \/>\n\t<meta name=\"twitter:data1\" content=\"2\u00a0Minuten\" \/>\n<script type=\"application\/ld+json\" class=\"yoast-schema-graph\">{\"@context\":\"https:\/\/schema.org\",\"@graph\":[{\"@type\":\"WebPage\",\"@id\":\"https:\/\/atelia.iko.com\/de\/technische-unterstuetzung\/\",\"url\":\"https:\/\/atelia.iko.com\/de\/technische-unterstuetzung\/\",\"name\":\"Technische unterst\u00fctzung - IKO Atelia\",\"isPartOf\":{\"@id\":\"https:\/\/atelia.iko.com\/de\/#website\"},\"primaryImageOfPage\":{\"@id\":\"https:\/\/atelia.iko.com\/de\/technische-unterstuetzung\/#primaryimage\"},\"image\":{\"@id\":\"https:\/\/atelia.iko.com\/de\/technische-unterstuetzung\/#primaryimage\"},\"thumbnailUrl\":\"https:\/\/atelia.iko.com\/wp-content\/uploads\/2025\/02\/icon-design-center.png\",\"datePublished\":\"2025-02-26T14:08:05+00:00\",\"dateModified\":\"2025-02-26T14:43:01+00:00\",\"breadcrumb\":{\"@id\":\"https:\/\/atelia.iko.com\/de\/technische-unterstuetzung\/#breadcrumb\"},\"inLanguage\":\"de\",\"potentialAction\":[{\"@type\":\"ReadAction\",\"target\":[\"https:\/\/atelia.iko.com\/de\/technische-unterstuetzung\/\"]}]},{\"@type\":\"ImageObject\",\"inLanguage\":\"de\",\"@id\":\"https:\/\/atelia.iko.com\/de\/technische-unterstuetzung\/#primaryimage\",\"url\":\"https:\/\/atelia.iko.com\/wp-content\/uploads\/2025\/02\/icon-design-center.png\",\"contentUrl\":\"https:\/\/atelia.iko.com\/wp-content\/uploads\/2025\/02\/icon-design-center.png\"},{\"@type\":\"BreadcrumbList\",\"@id\":\"https:\/\/atelia.iko.com\/de\/technische-unterstuetzung\/#breadcrumb\",\"itemListElement\":[{\"@type\":\"ListItem\",\"position\":1,\"name\":\"Home\",\"item\":\"https:\/\/atelia.iko.com\/de\/\"},{\"@type\":\"ListItem\",\"position\":2,\"name\":\"Technische unterst\u00fctzung\"}]},{\"@type\":\"WebSite\",\"@id\":\"https:\/\/atelia.iko.com\/de\/#website\",\"url\":\"https:\/\/atelia.iko.com\/de\/\",\"name\":\"IKO Atelia\",\"description\":\"\",\"publisher\":{\"@id\":\"https:\/\/atelia.iko.com\/de\/#organization\"},\"potentialAction\":[{\"@type\":\"SearchAction\",\"target\":{\"@type\":\"EntryPoint\",\"urlTemplate\":\"https:\/\/atelia.iko.com\/de\/?s={search_term_string}\"},\"query-input\":{\"@type\":\"PropertyValueSpecification\",\"valueRequired\":true,\"valueName\":\"search_term_string\"}}],\"inLanguage\":\"de\"},{\"@type\":\"Organization\",\"@id\":\"https:\/\/atelia.iko.com\/de\/#organization\",\"name\":\"IKO\",\"url\":\"https:\/\/atelia.iko.com\/de\/\",\"logo\":{\"@type\":\"ImageObject\",\"inLanguage\":\"de\",\"@id\":\"https:\/\/atelia.iko.com\/de\/#\/schema\/logo\/image\/\",\"url\":\"https:\/\/atelia.iko.com\/wp-content\/uploads\/2024\/11\/logo.svg\",\"contentUrl\":\"https:\/\/atelia.iko.com\/wp-content\/uploads\/2024\/11\/logo.svg\",\"width\":246,\"height\":41,\"caption\":\"IKO\"},\"image\":{\"@id\":\"https:\/\/atelia.iko.com\/de\/#\/schema\/logo\/image\/\"},\"sameAs\":[\"https:\/\/www.facebook.com\/IKOwaterproofingandinsulation\/\",\"https:\/\/www.linkedin.com\/company\/iko-waterproofingandinsulation\/\",\"https:\/\/www.instagram.com\/iko.eu.belgium\/\",\"https:\/\/www.youtube.com\/channel\/UCb6EjYDrbNjJJM0EeZHQHcg\"]}]}<\/script>\n<!-- \/ Yoast SEO plugin. -->","yoast_head_json":{"title":"Technische unterst\u00fctzung - IKO Atelia","robots":{"index":"index","follow":"follow","max-snippet":"max-snippet:-1","max-image-preview":"max-image-preview:large","max-video-preview":"max-video-preview:-1"},"canonical":"https:\/\/atelia.iko.com\/de\/technische-unterstuetzung\/","og_locale":"de_DE","og_type":"article","og_title":"Technische unterst\u00fctzung - IKO Atelia","og_description":"Technische unterst\u00fctzung IKO Tools Design Center Ihr Dachsystem IKO Berechnung Gef\u00e4lleberechnung Windlastberechnung Bauphysikalische Berechnung","og_url":"https:\/\/atelia.iko.com\/de\/technische-unterstuetzung\/","og_site_name":"IKO Atelia","article_publisher":"https:\/\/www.facebook.com\/IKOwaterproofingandinsulation\/","article_modified_time":"2025-02-26T14:43:01+00:00","og_image":[{"url":"https:\/\/atelia.iko.com\/wp-content\/uploads\/2025\/02\/icon-design-center.png","type":"","width":"","height":""}],"twitter_card":"summary_large_image","twitter_misc":{"Gesch\u00e4tzte Lesezeit":"2\u00a0Minuten"},"schema":{"@context":"https:\/\/schema.org","@graph":[{"@type":"WebPage","@id":"https:\/\/atelia.iko.com\/de\/technische-unterstuetzung\/","url":"https:\/\/atelia.iko.com\/de\/technische-unterstuetzung\/","name":"Technische unterst\u00fctzung - IKO Atelia","isPartOf":{"@id":"https:\/\/atelia.iko.com\/de\/#website"},"primaryImageOfPage":{"@id":"https:\/\/atelia.iko.com\/de\/technische-unterstuetzung\/#primaryimage"},"image":{"@id":"https:\/\/atelia.iko.com\/de\/technische-unterstuetzung\/#primaryimage"},"thumbnailUrl":"https:\/\/atelia.iko.com\/wp-content\/uploads\/2025\/02\/icon-design-center.png","datePublished":"2025-02-26T14:08:05+00:00","dateModified":"2025-02-26T14:43:01+00:00","breadcrumb":{"@id":"https:\/\/atelia.iko.com\/de\/technische-unterstuetzung\/#breadcrumb"},"inLanguage":"de","potentialAction":[{"@type":"ReadAction","target":["https:\/\/atelia.iko.com\/de\/technische-unterstuetzung\/"]}]},{"@type":"ImageObject","inLanguage":"de","@id":"https:\/\/atelia.iko.com\/de\/technische-unterstuetzung\/#primaryimage","url":"https:\/\/atelia.iko.com\/wp-content\/uploads\/2025\/02\/icon-design-center.png","contentUrl":"https:\/\/atelia.iko.com\/wp-content\/uploads\/2025\/02\/icon-design-center.png"},{"@type":"BreadcrumbList","@id":"https:\/\/atelia.iko.com\/de\/technische-unterstuetzung\/#breadcrumb","itemListElement":[{"@type":"ListItem","position":1,"name":"Home","item":"https:\/\/atelia.iko.com\/de\/"},{"@type":"ListItem","position":2,"name":"Technische unterst\u00fctzung"}]},{"@type":"WebSite","@id":"https:\/\/atelia.iko.com\/de\/#website","url":"https:\/\/atelia.iko.com\/de\/","name":"IKO Atelia","description":"","publisher":{"@id":"https:\/\/atelia.iko.com\/de\/#organization"},"potentialAction":[{"@type":"SearchAction","target":{"@type":"EntryPoint","urlTemplate":"https:\/\/atelia.iko.com\/de\/?s={search_term_string}"},"query-input":{"@type":"PropertyValueSpecification","valueRequired":true,"valueName":"search_term_string"}}],"inLanguage":"de"},{"@type":"Organization","@id":"https:\/\/atelia.iko.com\/de\/#organization","name":"IKO","url":"https:\/\/atelia.iko.com\/de\/","logo":{"@type":"ImageObject","inLanguage":"de","@id":"https:\/\/atelia.iko.com\/de\/#\/schema\/logo\/image\/","url":"https:\/\/atelia.iko.com\/wp-content\/uploads\/2024\/11\/logo.svg","contentUrl":"https:\/\/atelia.iko.com\/wp-content\/uploads\/2024\/11\/logo.svg","width":246,"height":41,"caption":"IKO"},"image":{"@id":"https:\/\/atelia.iko.com\/de\/#\/schema\/logo\/image\/"},"sameAs":["https:\/\/www.facebook.com\/IKOwaterproofingandinsulation\/","https:\/\/www.linkedin.com\/company\/iko-waterproofingandinsulation\/","https:\/\/www.instagram.com\/iko.eu.belgium\/","https:\/\/www.youtube.com\/channel\/UCb6EjYDrbNjJJM0EeZHQHcg"]}]}},"_links":{"self":[{"href":"https:\/\/atelia.iko.com\/de\/wp-json\/wp\/v2\/pages\/3473","targetHints":{"allow":["GET"]}}],"collection":[{"href":"https:\/\/atelia.iko.com\/de\/wp-json\/wp\/v2\/pages"}],"about":[{"href":"https:\/\/atelia.iko.com\/de\/wp-json\/wp\/v2\/types\/page"}],"author":[{"embeddable":true,"href":"https:\/\/atelia.iko.com\/de\/wp-json\/wp\/v2\/users\/3"}],"replies":[{"embeddable":true,"href":"https:\/\/atelia.iko.com\/de\/wp-json\/wp\/v2\/comments?post=3473"}],"version-history":[{"count":4,"href":"https:\/\/atelia.iko.com\/de\/wp-json\/wp\/v2\/pages\/3473\/revisions"}],"predecessor-version":[{"id":3477,"href":"https:\/\/atelia.iko.com\/de\/wp-json\/wp\/v2\/pages\/3473\/revisions\/3477"}],"wp:attachment":[{"href":"https:\/\/atelia.iko.com\/de\/wp-json\/wp\/v2\/media?parent=3473"}],"curies":[{"name":"wp","href":"https:\/\/api.w.org\/{rel}","templated":true}]}}