{"id":2732,"date":"2024-11-29T09:46:37","date_gmt":"2024-11-29T09:46:37","guid":{"rendered":"https:\/\/atelia.iko.com\/orion\/"},"modified":"2025-09-16T13:48:04","modified_gmt":"2025-09-16T13:48:04","slug":"orion","status":"publish","type":"page","link":"https:\/\/atelia.iko.com\/fr\/orion\/","title":{"rendered":"IKO Orion"},"content":{"rendered":"\t\t<div data-elementor-type=\"wp-page\" data-elementor-id=\"2732\" class=\"elementor elementor-2732 elementor-342\" data-elementor-post-type=\"page\">\n\t\t\t\t<div class=\"elementor-element elementor-element-5772ba7 e-flex e-con-boxed e-con e-parent\" data-id=\"5772ba7\" data-element_type=\"container\">\n\t\t\t\t\t<div class=\"e-con-inner\">\n\t\t\t\t<div class=\"widget-box-padding elementor-element elementor-element-af9c5dc elementor-widget elementor-widget-ia_content\" data-id=\"af9c5dc\" data-element_type=\"widget\" id=\"content-90c564cc5363b654\" data-widget_type=\"ia_content.default\">\n\t\t\t\t<div class=\"elementor-widget-container\">\n\t\t\t\t\t    <h1 class=\"content--heading\">IKO Orion<\/h1>\n\n    <div class=\"content--content entry-content\">\n        <p>La technologie de recyclage IKO Orion est un processus unique en son genre qui permet de recycler le bitume en nouvelles mati\u00e8res premi\u00e8res pour des membranes de toiture de qualit\u00e9 sup\u00e9rieure. Le bitume provient de toitures IKO Atelia d\u00e9mont\u00e9es apr\u00e8s leur fin de vie, et de restes de coupe obtenus lors de l\u2019installation de nouvelles toitures.<\/p>    <\/div>\n\n\t\t\t\t<\/div>\n\t\t\t\t<\/div>\n\t\t\t\t\t<\/div>\n\t\t\t\t<\/div>\n\t\t<div class=\"elementor-element elementor-element-c2beb18 orion-page e-flex e-con-boxed e-con e-parent\" data-id=\"c2beb18\" data-element_type=\"container\">\n\t\t\t\t\t<div class=\"e-con-inner\">\n\t\t<div class=\"elementor-element elementor-element-26a4d0b e-con-full e-flex e-con e-child\" data-id=\"26a4d0b\" data-element_type=\"container\">\n\t\t\t\t<div class=\"widget-box-padding elementor-element elementor-element-6e57765 orion-top-title elementor-widget elementor-widget-heading\" data-id=\"6e57765\" data-element_type=\"widget\" data-widget_type=\"heading.default\">\n\t\t\t\t<div class=\"elementor-widget-container\">\n\t\t\t\t\t<h4 class=\"elementor-heading-title elementor-size-default\">D\u00e9montage<\/h4>\t\t\t\t<\/div>\n\t\t\t\t<\/div>\n\t\t<div class=\"elementor-element elementor-element-4ce5ab0 e-grid e-con-full e-con e-child\" data-id=\"4ce5ab0\" data-element_type=\"container\">\n\t\t\t\t<div class=\"widget-box-padding elementor-element elementor-element-8e7f8a7 elementor-widget elementor-widget-image\" data-id=\"8e7f8a7\" data-element_type=\"widget\" data-widget_type=\"image.default\">\n\t\t\t\t<div class=\"elementor-widget-container\">\n\t\t\t\t\t\t\t\t\t\t\t\t\t\t\t<img fetchpriority=\"high\" decoding=\"async\" width=\"500\" height=\"269\" src=\"https:\/\/atelia.iko.com\/wp-content\/uploads\/2024\/12\/orion-demontage.webp\" class=\"attachment-large size-large wp-image-1520\" alt=\"\" \/>\t\t\t\t\t\t\t\t\t\t\t\t\t\t\t<\/div>\n\t\t\t\t<\/div>\n\t\t\t\t<div class=\"widget-box-padding elementor-element elementor-element-dff9adf elementor-widget elementor-widget-image\" data-id=\"dff9adf\" data-element_type=\"widget\" data-widget_type=\"image.default\">\n\t\t\t\t<div class=\"elementor-widget-container\">\n\t\t\t\t\t\t\t\t\t\t\t\t\t\t\t<img decoding=\"async\" width=\"500\" height=\"269\" src=\"https:\/\/atelia.iko.com\/wp-content\/uploads\/2024\/12\/orion-demonteren.webp\" class=\"attachment-large size-large wp-image-1523\" alt=\"\" \/>\t\t\t\t\t\t\t\t\t\t\t\t\t\t\t<\/div>\n\t\t\t\t<\/div>\n\t\t\t\t<\/div>\n\t\t\t\t<div class=\"widget-box-padding elementor-element elementor-element-5fc2789 elementor-widget elementor-widget-heading\" data-id=\"5fc2789\" data-element_type=\"widget\" data-widget_type=\"heading.default\">\n\t\t\t\t<div class=\"elementor-widget-container\">\n\t\t\t\t\t<h4 class=\"elementor-heading-title elementor-size-default\">Processus de recyclage<\/h4>\t\t\t\t<\/div>\n\t\t\t\t<\/div>\n\t\t<div class=\"elementor-element elementor-element-c1af47b e-grid e-con-full e-con e-child\" data-id=\"c1af47b\" data-element_type=\"container\">\n\t\t\t\t<div class=\"widget-box-padding elementor-element elementor-element-10fd292 elementor-widget__width-inherit elementor-widget elementor-widget-image\" data-id=\"10fd292\" data-element_type=\"widget\" data-widget_type=\"image.default\">\n\t\t\t\t<div class=\"elementor-widget-container\">\n\t\t\t\t\t\t\t\t\t\t\t\t\t\t\t<img decoding=\"async\" width=\"500\" height=\"269\" src=\"https:\/\/atelia.iko.com\/wp-content\/uploads\/2024\/12\/orion-verwerken.webp\" class=\"attachment-full size-full wp-image-1538\" alt=\"\" \/>\t\t\t\t\t\t\t\t\t\t\t\t\t\t\t<\/div>\n\t\t\t\t<\/div>\n\t\t\t\t<div class=\"widget-box-padding elementor-element elementor-element-73e66d4 elementor-widget elementor-widget-image\" data-id=\"73e66d4\" data-element_type=\"widget\" data-widget_type=\"image.default\">\n\t\t\t\t<div class=\"elementor-widget-container\">\n\t\t\t\t\t\t\t\t\t\t\t\t\t\t\t<img loading=\"lazy\" decoding=\"async\" width=\"500\" height=\"269\" src=\"https:\/\/atelia.iko.com\/wp-content\/uploads\/2024\/12\/orion-heftruck.webp\" class=\"attachment-large size-large wp-image-1526\" alt=\"\" \/>\t\t\t\t\t\t\t\t\t\t\t\t\t\t\t<\/div>\n\t\t\t\t<\/div>\n\t\t\t\t<\/div>\n\t\t\t\t<div class=\"widget-box-padding elementor-element elementor-element-f06f54c elementor-widget elementor-widget-heading\" data-id=\"f06f54c\" data-element_type=\"widget\" data-widget_type=\"heading.default\">\n\t\t\t\t<div class=\"elementor-widget-container\">\n\t\t\t\t\t<h4 class=\"elementor-heading-title elementor-size-default\">Nouveau produit Atelia\n<\/h4>\t\t\t\t<\/div>\n\t\t\t\t<\/div>\n\t\t<div class=\"elementor-element elementor-element-fa9146d e-grid e-con-full bottom-orion e-con e-child\" data-id=\"fa9146d\" data-element_type=\"container\">\n\t\t\t\t<div class=\"widget-box-padding elementor-element elementor-element-b5d5435 elementor-widget elementor-widget-image\" data-id=\"b5d5435\" data-element_type=\"widget\" data-widget_type=\"image.default\">\n\t\t\t\t<div class=\"elementor-widget-container\">\n\t\t\t\t\t\t\t\t\t\t\t\t\t\t\t<img loading=\"lazy\" decoding=\"async\" width=\"500\" height=\"269\" src=\"https:\/\/atelia.iko.com\/wp-content\/uploads\/2024\/12\/orion-rol.webp\" class=\"attachment-large size-large wp-image-1535\" alt=\"\" \/>\t\t\t\t\t\t\t\t\t\t\t\t\t\t\t<\/div>\n\t\t\t\t<\/div>\n\t\t\t\t<div class=\"widget-box-padding elementor-element elementor-element-a0d93fd elementor-widget elementor-widget-image\" data-id=\"a0d93fd\" data-element_type=\"widget\" data-widget_type=\"image.default\">\n\t\t\t\t<div class=\"elementor-widget-container\">\n\t\t\t\t\t\t\t\t\t\t\t\t\t\t\t<img loading=\"lazy\" decoding=\"async\" width=\"500\" height=\"269\" src=\"https:\/\/atelia.iko.com\/wp-content\/uploads\/2024\/12\/orion-rol-machine.webp\" class=\"attachment-large size-large wp-image-1532\" alt=\"\" \/>\t\t\t\t\t\t\t\t\t\t\t\t\t\t\t<\/div>\n\t\t\t\t<\/div>\n\t\t\t\t<\/div>\n\t\t\t\t<\/div>\n\t\t<div class=\"elementor-element elementor-element-bf4e536 e-con-full e-flex e-con e-child\" data-id=\"bf4e536\" data-element_type=\"container\">\n\t\t\t\t<div class=\"widget-box-padding elementor-element elementor-element-ef46075 elementor-widget elementor-widget-video\" data-id=\"ef46075\" data-element_type=\"widget\" data-settings=\"{&quot;youtube_url&quot;:&quot;https:\\\/\\\/www.youtube.com\\\/watch?v=B5ZpoaL-0sc&quot;,&quot;video_type&quot;:&quot;youtube&quot;,&quot;controls&quot;:&quot;yes&quot;}\" data-widget_type=\"video.default\">\n\t\t\t\t<div class=\"elementor-widget-container\">\n\t\t\t\t\t\t\t<div class=\"elementor-wrapper elementor-open-inline\">\n\t\t\t<div class=\"elementor-video\"><\/div>\t\t<\/div>\n\t\t\t\t\t\t<\/div>\n\t\t\t\t<\/div>\n\t\t\t\t<\/div>\n\t\t\t\t\t<\/div>\n\t\t\t\t<\/div>\n\t\t\t\t<\/div>\n\t\t","protected":false},"excerpt":{"rendered":"<p>IKO Orion La technologie de recyclage IKO Orion est un processus unique en son genre qui permet de recycler le bitume en nouvelles mati\u00e8res premi\u00e8res pour des membranes de toiture de qualit\u00e9 sup\u00e9rieure. Le bitume provient de toitures IKO Atelia d\u00e9mont\u00e9es apr\u00e8s leur fin de vie, et de restes de coupe obtenus lors de l\u2019installation [&hellip;]<\/p>\n","protected":false},"author":3,"featured_media":0,"parent":0,"menu_order":0,"comment_status":"closed","ping_status":"closed","template":"","meta":{"footnotes":""},"class_list":["post-2732","page","type-page","status-publish","hentry"],"yoast_head":"<!-- This site is optimized with the Yoast SEO plugin v26.7 - https:\/\/yoast.com\/wordpress\/plugins\/seo\/ -->\n<title>IKO Orion - IKO Atelia<\/title>\n<meta name=\"robots\" content=\"index, follow, max-snippet:-1, max-image-preview:large, max-video-preview:-1\" \/>\n<link rel=\"canonical\" href=\"https:\/\/atelia.iko.com\/fr\/orion\/\" \/>\n<meta property=\"og:locale\" content=\"fr_FR\" \/>\n<meta property=\"og:type\" content=\"article\" \/>\n<meta property=\"og:title\" content=\"IKO Orion - IKO Atelia\" \/>\n<meta property=\"og:description\" content=\"IKO Orion La technologie de recyclage IKO Orion est un processus unique en son genre qui permet de recycler le bitume en nouvelles mati\u00e8res premi\u00e8res pour des membranes de toiture de qualit\u00e9 sup\u00e9rieure. Le bitume provient de toitures IKO Atelia d\u00e9mont\u00e9es apr\u00e8s leur fin de vie, et de restes de coupe obtenus lors de l\u2019installation [&hellip;]\" \/>\n<meta property=\"og:url\" content=\"https:\/\/atelia.iko.com\/fr\/orion\/\" \/>\n<meta property=\"og:site_name\" content=\"IKO Atelia\" \/>\n<meta property=\"article:publisher\" content=\"https:\/\/www.facebook.com\/IKOwaterproofingandinsulation\/\" \/>\n<meta property=\"article:modified_time\" content=\"2025-09-16T13:48:04+00:00\" \/>\n<meta property=\"og:image\" content=\"https:\/\/atelia.iko.com\/wp-content\/uploads\/2024\/12\/orion-demontage.webp\" \/>\n\t<meta property=\"og:image:width\" content=\"500\" \/>\n\t<meta property=\"og:image:height\" content=\"269\" \/>\n\t<meta property=\"og:image:type\" content=\"image\/webp\" \/>\n<meta name=\"twitter:card\" content=\"summary_large_image\" \/>\n<meta name=\"twitter:label1\" content=\"Dur\u00e9e de lecture est.\" \/>\n\t<meta name=\"twitter:data1\" content=\"2 minutes\" \/>\n<script type=\"application\/ld+json\" class=\"yoast-schema-graph\">{\"@context\":\"https:\/\/schema.org\",\"@graph\":[{\"@type\":\"WebPage\",\"@id\":\"https:\/\/atelia.iko.com\/fr\/orion\/\",\"url\":\"https:\/\/atelia.iko.com\/fr\/orion\/\",\"name\":\"IKO Orion - IKO Atelia\",\"isPartOf\":{\"@id\":\"https:\/\/atelia.iko.com\/fr\/#website\"},\"primaryImageOfPage\":{\"@id\":\"https:\/\/atelia.iko.com\/fr\/orion\/#primaryimage\"},\"image\":{\"@id\":\"https:\/\/atelia.iko.com\/fr\/orion\/#primaryimage\"},\"thumbnailUrl\":\"https:\/\/atelia.iko.com\/wp-content\/uploads\/2024\/12\/orion-demontage.webp\",\"datePublished\":\"2024-11-29T09:46:37+00:00\",\"dateModified\":\"2025-09-16T13:48:04+00:00\",\"breadcrumb\":{\"@id\":\"https:\/\/atelia.iko.com\/fr\/orion\/#breadcrumb\"},\"inLanguage\":\"fr-BE\",\"potentialAction\":[{\"@type\":\"ReadAction\",\"target\":[\"https:\/\/atelia.iko.com\/fr\/orion\/\"]}]},{\"@type\":\"ImageObject\",\"inLanguage\":\"fr-BE\",\"@id\":\"https:\/\/atelia.iko.com\/fr\/orion\/#primaryimage\",\"url\":\"https:\/\/atelia.iko.com\/wp-content\/uploads\/2024\/12\/orion-demontage.webp\",\"contentUrl\":\"https:\/\/atelia.iko.com\/wp-content\/uploads\/2024\/12\/orion-demontage.webp\"},{\"@type\":\"BreadcrumbList\",\"@id\":\"https:\/\/atelia.iko.com\/fr\/orion\/#breadcrumb\",\"itemListElement\":[{\"@type\":\"ListItem\",\"position\":1,\"name\":\"Home\",\"item\":\"https:\/\/atelia.iko.com\/fr\/\"},{\"@type\":\"ListItem\",\"position\":2,\"name\":\"IKO Orion\"}]},{\"@type\":\"WebSite\",\"@id\":\"https:\/\/atelia.iko.com\/fr\/#website\",\"url\":\"https:\/\/atelia.iko.com\/fr\/\",\"name\":\"IKO Atelia\",\"description\":\"\",\"publisher\":{\"@id\":\"https:\/\/atelia.iko.com\/fr\/#organization\"},\"potentialAction\":[{\"@type\":\"SearchAction\",\"target\":{\"@type\":\"EntryPoint\",\"urlTemplate\":\"https:\/\/atelia.iko.com\/fr\/?s={search_term_string}\"},\"query-input\":{\"@type\":\"PropertyValueSpecification\",\"valueRequired\":true,\"valueName\":\"search_term_string\"}}],\"inLanguage\":\"fr-BE\"},{\"@type\":\"Organization\",\"@id\":\"https:\/\/atelia.iko.com\/fr\/#organization\",\"name\":\"IKO\",\"url\":\"https:\/\/atelia.iko.com\/fr\/\",\"logo\":{\"@type\":\"ImageObject\",\"inLanguage\":\"fr-BE\",\"@id\":\"https:\/\/atelia.iko.com\/fr\/#\/schema\/logo\/image\/\",\"url\":\"https:\/\/atelia.iko.com\/wp-content\/uploads\/2024\/11\/logo.svg\",\"contentUrl\":\"https:\/\/atelia.iko.com\/wp-content\/uploads\/2024\/11\/logo.svg\",\"width\":246,\"height\":41,\"caption\":\"IKO\"},\"image\":{\"@id\":\"https:\/\/atelia.iko.com\/fr\/#\/schema\/logo\/image\/\"},\"sameAs\":[\"https:\/\/www.facebook.com\/IKOwaterproofingandinsulation\/\",\"https:\/\/www.linkedin.com\/company\/iko-waterproofingandinsulation\/\",\"https:\/\/www.instagram.com\/iko.eu.belgium\/\",\"https:\/\/www.youtube.com\/channel\/UCb6EjYDrbNjJJM0EeZHQHcg\"]}]}<\/script>\n<!-- \/ Yoast SEO plugin. -->","yoast_head_json":{"title":"IKO Orion - IKO Atelia","robots":{"index":"index","follow":"follow","max-snippet":"max-snippet:-1","max-image-preview":"max-image-preview:large","max-video-preview":"max-video-preview:-1"},"canonical":"https:\/\/atelia.iko.com\/fr\/orion\/","og_locale":"fr_FR","og_type":"article","og_title":"IKO Orion - IKO Atelia","og_description":"IKO Orion La technologie de recyclage IKO Orion est un processus unique en son genre qui permet de recycler le bitume en nouvelles mati\u00e8res premi\u00e8res pour des membranes de toiture de qualit\u00e9 sup\u00e9rieure. Le bitume provient de toitures IKO Atelia d\u00e9mont\u00e9es apr\u00e8s leur fin de vie, et de restes de coupe obtenus lors de l\u2019installation [&hellip;]","og_url":"https:\/\/atelia.iko.com\/fr\/orion\/","og_site_name":"IKO Atelia","article_publisher":"https:\/\/www.facebook.com\/IKOwaterproofingandinsulation\/","article_modified_time":"2025-09-16T13:48:04+00:00","og_image":[{"width":500,"height":269,"url":"https:\/\/atelia.iko.com\/wp-content\/uploads\/2024\/12\/orion-demontage.webp","type":"image\/webp"}],"twitter_card":"summary_large_image","twitter_misc":{"Dur\u00e9e de lecture est.":"2 minutes"},"schema":{"@context":"https:\/\/schema.org","@graph":[{"@type":"WebPage","@id":"https:\/\/atelia.iko.com\/fr\/orion\/","url":"https:\/\/atelia.iko.com\/fr\/orion\/","name":"IKO Orion - IKO Atelia","isPartOf":{"@id":"https:\/\/atelia.iko.com\/fr\/#website"},"primaryImageOfPage":{"@id":"https:\/\/atelia.iko.com\/fr\/orion\/#primaryimage"},"image":{"@id":"https:\/\/atelia.iko.com\/fr\/orion\/#primaryimage"},"thumbnailUrl":"https:\/\/atelia.iko.com\/wp-content\/uploads\/2024\/12\/orion-demontage.webp","datePublished":"2024-11-29T09:46:37+00:00","dateModified":"2025-09-16T13:48:04+00:00","breadcrumb":{"@id":"https:\/\/atelia.iko.com\/fr\/orion\/#breadcrumb"},"inLanguage":"fr-BE","potentialAction":[{"@type":"ReadAction","target":["https:\/\/atelia.iko.com\/fr\/orion\/"]}]},{"@type":"ImageObject","inLanguage":"fr-BE","@id":"https:\/\/atelia.iko.com\/fr\/orion\/#primaryimage","url":"https:\/\/atelia.iko.com\/wp-content\/uploads\/2024\/12\/orion-demontage.webp","contentUrl":"https:\/\/atelia.iko.com\/wp-content\/uploads\/2024\/12\/orion-demontage.webp"},{"@type":"BreadcrumbList","@id":"https:\/\/atelia.iko.com\/fr\/orion\/#breadcrumb","itemListElement":[{"@type":"ListItem","position":1,"name":"Home","item":"https:\/\/atelia.iko.com\/fr\/"},{"@type":"ListItem","position":2,"name":"IKO Orion"}]},{"@type":"WebSite","@id":"https:\/\/atelia.iko.com\/fr\/#website","url":"https:\/\/atelia.iko.com\/fr\/","name":"IKO Atelia","description":"","publisher":{"@id":"https:\/\/atelia.iko.com\/fr\/#organization"},"potentialAction":[{"@type":"SearchAction","target":{"@type":"EntryPoint","urlTemplate":"https:\/\/atelia.iko.com\/fr\/?s={search_term_string}"},"query-input":{"@type":"PropertyValueSpecification","valueRequired":true,"valueName":"search_term_string"}}],"inLanguage":"fr-BE"},{"@type":"Organization","@id":"https:\/\/atelia.iko.com\/fr\/#organization","name":"IKO","url":"https:\/\/atelia.iko.com\/fr\/","logo":{"@type":"ImageObject","inLanguage":"fr-BE","@id":"https:\/\/atelia.iko.com\/fr\/#\/schema\/logo\/image\/","url":"https:\/\/atelia.iko.com\/wp-content\/uploads\/2024\/11\/logo.svg","contentUrl":"https:\/\/atelia.iko.com\/wp-content\/uploads\/2024\/11\/logo.svg","width":246,"height":41,"caption":"IKO"},"image":{"@id":"https:\/\/atelia.iko.com\/fr\/#\/schema\/logo\/image\/"},"sameAs":["https:\/\/www.facebook.com\/IKOwaterproofingandinsulation\/","https:\/\/www.linkedin.com\/company\/iko-waterproofingandinsulation\/","https:\/\/www.instagram.com\/iko.eu.belgium\/","https:\/\/www.youtube.com\/channel\/UCb6EjYDrbNjJJM0EeZHQHcg"]}]}},"_links":{"self":[{"href":"https:\/\/atelia.iko.com\/fr\/wp-json\/wp\/v2\/pages\/2732","targetHints":{"allow":["GET"]}}],"collection":[{"href":"https:\/\/atelia.iko.com\/fr\/wp-json\/wp\/v2\/pages"}],"about":[{"href":"https:\/\/atelia.iko.com\/fr\/wp-json\/wp\/v2\/types\/page"}],"author":[{"embeddable":true,"href":"https:\/\/atelia.iko.com\/fr\/wp-json\/wp\/v2\/users\/3"}],"replies":[{"embeddable":true,"href":"https:\/\/atelia.iko.com\/fr\/wp-json\/wp\/v2\/comments?post=2732"}],"version-history":[{"count":9,"href":"https:\/\/atelia.iko.com\/fr\/wp-json\/wp\/v2\/pages\/2732\/revisions"}],"predecessor-version":[{"id":4631,"href":"https:\/\/atelia.iko.com\/fr\/wp-json\/wp\/v2\/pages\/2732\/revisions\/4631"}],"wp:attachment":[{"href":"https:\/\/atelia.iko.com\/fr\/wp-json\/wp\/v2\/media?parent=2732"}],"curies":[{"name":"wp","href":"https:\/\/api.w.org\/{rel}","templated":true}]}}